{"id":86366,"date":"2026-01-20T13:44:47","date_gmt":"2026-01-20T12:44:47","guid":{"rendered":"https:\/\/beweb.chiesacattolica.it\/percorsitematici\/?page_id=86366"},"modified":"2026-01-20T16:08:24","modified_gmt":"2026-01-20T15:08:24","slug":"mnisi-w-swiecie-kontrast-miedzy-swiatem-a-monastycyzmem","status":"publish","type":"page","link":"https:\/\/beweb.chiesacattolica.it\/percorsitematici\/sladami-ciszy-naczynie-swiete\/mnisi-w-swiecie-kontrast-miedzy-swiatem-a-monastycyzmem\/","title":{"rendered":"Mnisi w \u015bwiecie: kontrast mi\u0119dzy \u015bwiatem a monastycyzmem"},"content":{"rendered":"","protected":false},"excerpt":{"rendered":"","protected":false},"author":160,"featured_media":0,"parent":84898,"menu_order":7,"comment_status":"closed","ping_status":"closed","template":"","meta":{"ip_address":"","user_agent":"","level":"","revision":"","cookie_id":"","page_referer":"","html_form":""},"lingua":[11],"acf":[],"_links":{"self":[{"href":"https:\/\/beweb.chiesacattolica.it\/percorsitematici\/wp-json\/wp\/v2\/pages\/86366"}],"collection":[{"href":"https:\/\/beweb.chiesacattolica.it\/percorsitematici\/wp-json\/wp\/v2\/pages"}],"about":[{"href":"https:\/\/beweb.chiesacattolica.it\/percorsitematici\/wp-json\/wp\/v2\/types\/page"}],"author":[{"embeddable":true,"href":"https:\/\/beweb.chiesacattolica.it\/percorsitematici\/wp-json\/wp\/v2\/users\/160"}],"replies":[{"embeddable":true,"href":"https:\/\/beweb.chiesacattolica.it\/percorsitematici\/wp-json\/wp\/v2\/comments?post=86366"}],"version-history":[{"count":3,"href":"https:\/\/beweb.chiesacattolica.it\/percorsitematici\/wp-json\/wp\/v2\/pages\/86366\/revisions"}],"predecessor-version":[{"id":125986,"href":"https:\/\/beweb.chiesacattolica.it\/percorsitematici\/wp-json\/wp\/v2\/pages\/86366\/revisions\/125986"}],"up":[{"embeddable":true,"href":"https:\/\/beweb.chiesacattolica.it\/percorsitematici\/wp-json\/wp\/v2\/pages\/84898"}],"wp:attachment":[{"href":"https:\/\/beweb.chiesacattolica.it\/percorsitematici\/wp-json\/wp\/v2\/media?parent=86366"}],"wp:term":[{"taxonomy":"lingua","embeddable":true,"href":"https:\/\/beweb.chiesacattolica.it\/percorsitematici\/wp-json\/wp\/v2\/lingua?post=86366"}],"curies":[{"name":"wp","href":"https:\/\/api.w.org\/{rel}","templated":true}]}}