{"id":84905,"date":"2026-01-20T13:44:47","date_gmt":"2026-01-20T12:44:47","guid":{"rendered":"https:\/\/beweb.chiesacattolica.it\/percorsitematici\/?page_id=84905"},"modified":"2026-01-20T16:08:25","modified_gmt":"2026-01-20T15:08:25","slug":"zycie-w-eremie-za-czasow-kardynala-passionei","status":"publish","type":"page","link":"https:\/\/beweb.chiesacattolica.it\/percorsitematici\/sladami-ciszy-naczynie-swiete\/zycie-w-eremie-za-czasow-kardynala-passionei\/","title":{"rendered":"\u017bycie w Eremie za czas\u00f3w Kardyna\u0142a Passionei"},"content":{"rendered":"","protected":false},"excerpt":{"rendered":"","protected":false},"author":160,"featured_media":0,"parent":84898,"menu_order":6,"comment_status":"closed","ping_status":"closed","template":"","meta":{"ip_address":"","user_agent":"","level":"","revision":"","cookie_id":"","page_referer":"","html_form":""},"lingua":[11],"acf":[],"_links":{"self":[{"href":"https:\/\/beweb.chiesacattolica.it\/percorsitematici\/wp-json\/wp\/v2\/pages\/84905"}],"collection":[{"href":"https:\/\/beweb.chiesacattolica.it\/percorsitematici\/wp-json\/wp\/v2\/pages"}],"about":[{"href":"https:\/\/beweb.chiesacattolica.it\/percorsitematici\/wp-json\/wp\/v2\/types\/page"}],"author":[{"embeddable":true,"href":"https:\/\/beweb.chiesacattolica.it\/percorsitematici\/wp-json\/wp\/v2\/users\/160"}],"replies":[{"embeddable":true,"href":"https:\/\/beweb.chiesacattolica.it\/percorsitematici\/wp-json\/wp\/v2\/comments?post=84905"}],"version-history":[{"count":3,"href":"https:\/\/beweb.chiesacattolica.it\/percorsitematici\/wp-json\/wp\/v2\/pages\/84905\/revisions"}],"predecessor-version":[{"id":125988,"href":"https:\/\/beweb.chiesacattolica.it\/percorsitematici\/wp-json\/wp\/v2\/pages\/84905\/revisions\/125988"}],"up":[{"embeddable":true,"href":"https:\/\/beweb.chiesacattolica.it\/percorsitematici\/wp-json\/wp\/v2\/pages\/84898"}],"wp:attachment":[{"href":"https:\/\/beweb.chiesacattolica.it\/percorsitematici\/wp-json\/wp\/v2\/media?parent=84905"}],"wp:term":[{"taxonomy":"lingua","embeddable":true,"href":"https:\/\/beweb.chiesacattolica.it\/percorsitematici\/wp-json\/wp\/v2\/lingua?post=84905"}],"curies":[{"name":"wp","href":"https:\/\/api.w.org\/{rel}","templated":true}]}}