{"id":125956,"date":"2026-01-20T16:02:33","date_gmt":"2026-01-20T15:02:33","guid":{"rendered":"https:\/\/beweb.chiesacattolica.it\/percorsitematici\/?page_id=125956"},"modified":"2026-01-20T17:37:34","modified_gmt":"2026-01-20T16:37:34","slug":"blogoslawiony-pawel-giustiniani-zalozyciel-zakonu-montecoronesi","status":"publish","type":"page","link":"https:\/\/beweb.chiesacattolica.it\/percorsitematici\/sladami-ciszy-naczynie-swiete\/blogoslawiony-pawel-giustiniani-zalozyciel-zakonu-montecoronesi\/","title":{"rendered":"B\u0142ogos\u0142awiony Pawe\u0142 Giustiniani: za\u0142o\u017cyciel zakonu Montecoronesi"},"content":{"rendered":"","protected":false},"excerpt":{"rendered":"","protected":false},"author":160,"featured_media":0,"parent":84898,"menu_order":2,"comment_status":"closed","ping_status":"closed","template":"","meta":{"ip_address":"","user_agent":"","level":"","revision":"","cookie_id":"","page_referer":"","html_form":""},"lingua":[11],"acf":[],"_links":{"self":[{"href":"https:\/\/beweb.chiesacattolica.it\/percorsitematici\/wp-json\/wp\/v2\/pages\/125956"}],"collection":[{"href":"https:\/\/beweb.chiesacattolica.it\/percorsitematici\/wp-json\/wp\/v2\/pages"}],"about":[{"href":"https:\/\/beweb.chiesacattolica.it\/percorsitematici\/wp-json\/wp\/v2\/types\/page"}],"author":[{"embeddable":true,"href":"https:\/\/beweb.chiesacattolica.it\/percorsitematici\/wp-json\/wp\/v2\/users\/160"}],"replies":[{"embeddable":true,"href":"https:\/\/beweb.chiesacattolica.it\/percorsitematici\/wp-json\/wp\/v2\/comments?post=125956"}],"version-history":[{"count":3,"href":"https:\/\/beweb.chiesacattolica.it\/percorsitematici\/wp-json\/wp\/v2\/pages\/125956\/revisions"}],"predecessor-version":[{"id":126020,"href":"https:\/\/beweb.chiesacattolica.it\/percorsitematici\/wp-json\/wp\/v2\/pages\/125956\/revisions\/126020"}],"up":[{"embeddable":true,"href":"https:\/\/beweb.chiesacattolica.it\/percorsitematici\/wp-json\/wp\/v2\/pages\/84898"}],"wp:attachment":[{"href":"https:\/\/beweb.chiesacattolica.it\/percorsitematici\/wp-json\/wp\/v2\/media?parent=125956"}],"wp:term":[{"taxonomy":"lingua","embeddable":true,"href":"https:\/\/beweb.chiesacattolica.it\/percorsitematici\/wp-json\/wp\/v2\/lingua?post=125956"}],"curies":[{"name":"wp","href":"https:\/\/api.w.org\/{rel}","templated":true}]}}